{"id":449,"date":"2016-08-12T10:37:39","date_gmt":"2016-08-12T10:37:39","guid":{"rendered":"http:\/\/impreza8.us-themes.com\/?page_id=43"},"modified":"2025-01-22T16:04:16","modified_gmt":"2025-01-22T15:04:16","slug":"impressum","status":"publish","type":"page","link":"https:\/\/www.partyfotoautomat.de\/fotobooth\/impressum\/","title":{"rendered":"Impressum"},"content":{"rendered":"<section class=\"l-section wpb_row height_large\"><div class=\"l-section-h i-cf\"><div class=\"g-cols vc_row via_flex valign_top type_default stacking_default\"><div class=\"vc_col-sm-12 wpb_column vc_column_container\"><div class=\"vc_column-inner\"><div class=\"wpb_wrapper\"><div class=\"wpb_text_column\"><div class=\"wpb_wrapper\"><h5>Angaben gem\u00e4\u00df \u00a7 5 TMG:<\/h5>\n<p><strong>partyfotoautomat.de<br \/>\n<\/strong><\/p>\n<p><em><strong>fotobox Vermietung <\/strong><\/em><strong>&amp; Bau individueller FotoBox Systeme<br \/>\nMarxcell Manes<br \/>\nStrasse des Friedens 18<br \/>\n99094 Erfurt<br \/>\n<\/strong><\/p>\n<p>Kontakt:<\/p>\n<p>E-Mail: info(at)partyfotoautomat.de<\/p>\n<div class=\"sqrallwaysboxed \">\n<div class=\"paragraph\">\n<p>Quellen und Urheber Angaben f\u00fcr die verwendeten Bilder und Grafiken:<\/p>\n<p>Quelle: <a href=\"https:\/\/de.123rf.com\/profile_dphiman\">https:\/\/de.123rf.com<\/a>123RF Lizenzfreie Bilder<br \/>\nQuelle: <a href=\"https:\/\/www.shutterstock.com\/\">https:\/\/www.shutterstock.com<\/a>lizenzfreie Stockbilder (RF)<br \/>\nQuelle: <a href=\"http:\/\/www.e-recht24.de\/\" target=\"_blank\" rel=\"noopener noreferrer\">http:\/\/www.e-recht24.de<\/a><\/p>\n<p>Beschwerdeverfahren:<\/p>\n<p>Plattform der EU-Kommission zur Online-Streitbeilegung:<br \/>\nhttp:\/\/ec.europa.eu\/consumers\/odr<br \/>\nWir sind zur Teilnahme an einem Streitbeilegungsverfahren vor einer Verbraucherschlichtungsstelle weder verpflichtet noch bereit.<\/p>\n<p><strong>Haftungsausschluss (Disclaimer)<\/strong><\/p>\n<\/div>\n<\/div>\n<div class=\"sqrallwaysboxed \">\n<div class=\"paragraph\">\n<p><strong>Haftung f\u00fcr Inhalte<\/strong><\/p>\n<p>Als Diensteanbieter sind wir gem\u00e4\u00df \u00a7 7 Abs.1 TMG f\u00fcr eigene Inhalte auf diesen Seiten nach den allgemeinen Gesetzen verantwortlich. Nach \u00a7\u00a7 8 bis 10 TMG sind wir als Diensteanbieter jedoch nicht verpflichtet, \u00fcbermittelte oder gespeicherte fremde Informationen zu \u00fcberwachen oder nach Umst\u00e4nden zu forschen, die auf eine rechtswidrige T\u00e4tigkeit hinweisen. Verpflichtungen zur Entfernung oder Sperrung der Nutzung von Informationen nach den allgemeinen Gesetzen bleiben hiervon unber\u00fchrt. Eine diesbez\u00fcgliche Haftung ist jedoch erst ab dem Zeitpunkt der Kenntnis einer konkreten Rechtsverletzung m\u00f6glich. Bei Bekanntwerden von entsprechenden Rechtsverletzungen werden wir diese Inhalte umgehend entfernen.<\/p>\n<p><strong>Haftung f\u00fcr Links<\/strong><\/p>\n<p>Unser Angebot enth\u00e4lt Links zu externen Webseiten Dritter, auf deren Inhalte wir keinen Einfluss haben. Deshalb k\u00f6nnen wir f\u00fcr diese fremden Inhalte auch keine Gew\u00e4hr \u00fcbernehmen. F\u00fcr die Inhalte der verlinkten Seiten ist stets der jeweilige Anbieter oder Betreiber der Seiten verantwortlich. Die verlinkten Seiten wurden zum Zeitpunkt der Verlinkung auf m\u00f6gliche Rechtsverst\u00f6\u00dfe \u00fcberpr\u00fcft. Rechtswidrige Inhalte waren zum Zeitpunkt der Verlinkung nicht erkennbar. Eine permanente inhaltliche Kontrolle der verlinkten Seiten ist jedoch ohne konkrete Anhaltspunkte einer Rechtsverletzung nicht zumutbar. Bei Bekanntwerden von Rechtsverletzungen werden wir derartige Links umgehend entfernen.<\/p>\n<p><strong>Urheberrecht<\/strong><\/p>\n<p>Die durch die Seitenbetreiber erstellten Inhalte und Werke auf diesen Seiten unterliegen dem deutschen Urheberrecht. Die Vervielf\u00e4ltigung, Bearbeitung, Verbreitung und jede Art der Verwertung au\u00dferhalb der Grenzen des Urheberrechtes bed\u00fcrfen der schriftlichen Zustimmung des jeweiligen Autors bzw. Erstellers. Downloads und Kopien dieser Seite sind nur f\u00fcr den privaten, nicht kommerziellen Gebrauch gestattet. Soweit die Inhalte auf dieser Seite nicht vom Betreiber erstellt wurden, werden die Urheberrechte Dritter beachtet. Insbesondere werden Inhalte Dritter als solche gekennzeichnet. Sollten Sie trotzdem auf eine Urheberrechtsverletzung aufmerksam werden, bitten wir um einen entsprechenden Hinweis. Bei Bekanntwerden von Rechtsverletzungen werden wir derartige Inhalte umgehend entfernen.<\/p>\n<p><i>Quellen: <a href=\"http:\/\/www.e-recht24.de\/muster-disclaimer.html\" target=\"_blank\" rel=\"nofollow noopener noreferrer\">Disclaimer eRecht24<\/a>, <a href=\"http:\/\/www.e-recht24.de\/muster-disclaimer.html\" target=\"_blank\" rel=\"nofollow noopener noreferrer\">Disclaimer<\/a>von eRecht24, dem Portal zum Internetrecht von Rechtsanwalt S\u00f6ren Siebert<\/i><\/p>\n<p>Plattform der Europ\u00e4ischen Kommission zur Online-Streitbeilegung (OS) f\u00fcr Verbraucher: <a href=\"https:\/\/ec.europa.eu\/consumers\/odr\/\" target=\"_blank\" rel=\"noreferrer noopener\" aria-label=\"https:\/\/ec.europa.eu\/consumers\/odr\/. (\u00f6ffnet in neuem Tab)\">https:\/\/ec.europa.eu\/consumers\/odr\/.<\/a> Wir sind nicht bereit und nicht verpflichtet an einem Streitbeilegungsverfahren vor einer Verbraucherschlichtungsstelle teilzunehmen.<\/p>\n<\/div>\n<\/div>\n<\/div><\/div><\/div><\/div><\/div><\/div><\/div><\/section>\n","protected":false},"excerpt":{"rendered":"Angaben gem\u00e4\u00df \u00a7 5 TMG: partyfotoautomat.de fotobox Vermietung &amp; Bau individueller FotoBox Systeme Marxcell Manes Strasse des Friedens 18 99094 Erfurt Kontakt: E-Mail: info(at)partyfotoautomat.de Quellen und Urheber Angaben f\u00fcr die verwendeten Bilder und Grafiken: Quelle: https:\/\/de.123rf.com123RF Lizenzfreie Bilder Quelle: https:\/\/www.shutterstock.comlizenzfreie Stockbilder (RF) Quelle: http:\/\/www.e-recht24.de Beschwerdeverfahren: Plattform der EU-Kommission zur Online-Streitbeilegung: http:\/\/ec.europa.eu\/consumers\/odr Wir sind zur Teilnahme...","protected":false},"author":1,"featured_media":0,"parent":0,"menu_order":0,"comment_status":"closed","ping_status":"closed","template":"","meta":{"_acf_changed":false,"footnotes":""},"class_list":["post-449","page","type-page","status-publish","hentry"],"acf":[],"_links":{"self":[{"href":"https:\/\/www.partyfotoautomat.de\/fotobooth\/wp-json\/wp\/v2\/pages\/449"}],"collection":[{"href":"https:\/\/www.partyfotoautomat.de\/fotobooth\/wp-json\/wp\/v2\/pages"}],"about":[{"href":"https:\/\/www.partyfotoautomat.de\/fotobooth\/wp-json\/wp\/v2\/types\/page"}],"author":[{"embeddable":true,"href":"https:\/\/www.partyfotoautomat.de\/fotobooth\/wp-json\/wp\/v2\/users\/1"}],"replies":[{"embeddable":true,"href":"https:\/\/www.partyfotoautomat.de\/fotobooth\/wp-json\/wp\/v2\/comments?post=449"}],"version-history":[{"count":18,"href":"https:\/\/www.partyfotoautomat.de\/fotobooth\/wp-json\/wp\/v2\/pages\/449\/revisions"}],"predecessor-version":[{"id":3684,"href":"https:\/\/www.partyfotoautomat.de\/fotobooth\/wp-json\/wp\/v2\/pages\/449\/revisions\/3684"}],"wp:attachment":[{"href":"https:\/\/www.partyfotoautomat.de\/fotobooth\/wp-json\/wp\/v2\/media?parent=449"}],"curies":[{"name":"wp","href":"https:\/\/api.w.org\/{rel}","templated":true}]}}